{"id":788,"date":"2018-05-14T09:39:40","date_gmt":"2018-05-14T09:39:40","guid":{"rendered":"https:\/\/casadochascada.com\/?post_type=product&#038;p=788"},"modified":"2022-08-16T08:46:51","modified_gmt":"2022-08-16T08:46:51","slug":"cogumelos-shiitake-desidratados-inteiros","status":"publish","type":"product","link":"https:\/\/casadochascada.com\/fr\/produto\/cogumelos-shiitake-desidratados-inteiros\/","title":{"rendered":"Cogumelos Shiitake &#8211; Desidratados Inteiros 30gr"},"content":{"rendered":"<p><span style=\"font-weight: 400;\">Os cogumelos Shiitake desidratados s\u00e3o uma das novidades da Casa do Chascada!<\/span><\/p>\n<p><span style=\"font-weight: 400;\">Dispon\u00edveis inteiros ou laminados, estes cogumelos Shiitake t\u00eam uma validade mais alargada do que os frescos. O processo de desidrata\u00e7\u00e3o permite intensificar o sabor.<\/span><\/p>\n<p><span style=\"font-weight: 400;\">Esta \u00e9 a escolha ideal para fazer pratos deliciosos, tal como risottos!<\/span><\/p>\n","protected":false},"excerpt":{"rendered":"<p><span style=\"font-weight: 400;\">Os cogumelos Shiitake desidratados s\u00e3o uma das novidades da Casa do Chascada!<\/span><\/p>\n<p><span style=\"font-weight: 400;\">Dispon\u00edveis inteiros ou laminados, estes cogumelos Shiitake t\u00eam uma validade mais alargada do que os frescos. O processo de desidrata\u00e7\u00e3o permite intensificar o sabor.<\/span><\/p>\n<p><span style=\"font-weight: 400;\">Esta \u00e9 a escolha ideal para fazer pratos deliciosos, tal como risottos!<\/span><\/p>\n","protected":false},"featured_media":797,"comment_status":"open","ping_status":"closed","template":"","meta":[],"product_brand":[],"product_cat":[25],"product_tag":[],"class_list":{"0":"post-788","1":"product","2":"type-product","3":"status-publish","4":"has-post-thumbnail","6":"product_cat-sem-categoria","8":"first","9":"instock","10":"taxable","11":"shipping-taxable","12":"purchasable","13":"product-type-simple"},"_links":{"self":[{"href":"https:\/\/casadochascada.com\/fr\/wp-json\/wp\/v2\/product\/788","targetHints":{"allow":["GET"]}}],"collection":[{"href":"https:\/\/casadochascada.com\/fr\/wp-json\/wp\/v2\/product"}],"about":[{"href":"https:\/\/casadochascada.com\/fr\/wp-json\/wp\/v2\/types\/product"}],"replies":[{"embeddable":true,"href":"https:\/\/casadochascada.com\/fr\/wp-json\/wp\/v2\/comments?post=788"}],"wp:featuredmedia":[{"embeddable":true,"href":"https:\/\/casadochascada.com\/fr\/wp-json\/wp\/v2\/media\/797"}],"wp:attachment":[{"href":"https:\/\/casadochascada.com\/fr\/wp-json\/wp\/v2\/media?parent=788"}],"wp:term":[{"taxonomy":"product_brand","embeddable":true,"href":"https:\/\/casadochascada.com\/fr\/wp-json\/wp\/v2\/product_brand?post=788"},{"taxonomy":"product_cat","embeddable":true,"href":"https:\/\/casadochascada.com\/fr\/wp-json\/wp\/v2\/product_cat?post=788"},{"taxonomy":"product_tag","embeddable":true,"href":"https:\/\/casadochascada.com\/fr\/wp-json\/wp\/v2\/product_tag?post=788"}],"curies":[{"name":"wp","href":"https:\/\/api.w.org\/{rel}","templated":true}]}}