{"id":1943,"date":"2020-05-31T17:10:08","date_gmt":"2020-05-31T17:10:08","guid":{"rendered":"https:\/\/casadochascada.com\/?post_type=product&#038;p=1943"},"modified":"2022-08-16T08:31:04","modified_gmt":"2022-08-16T08:31:04","slug":"cogumelos-shiitake-em-azeite-e-especiarias-100g","status":"publish","type":"product","link":"https:\/\/casadochascada.com\/fr\/produto\/cogumelos-shiitake-em-azeite-e-especiarias-100g\/","title":{"rendered":"Cogumelos Shiitake em azeite e especiarias 100g"},"content":{"rendered":"<p>Cogumelos Shiitake prontos a comer, com a combina\u00e7\u00e3o de sabores intensos dos cogumelos e do azeite aromatizado.<\/p>\n<p>Estes cogumelos s\u00e3o ideais para criar entradas simples e deliciosas. Podem ser acompanhados de um queijo suave ou servidos simplesmente com tostas.<\/p>\n<p>Os cogumelos Shiitake em azeite e especiarias s\u00e3o o complemento perfeito para dar um toque mais requintado a qualquer refei\u00e7\u00e3o. Podem servir de acompanhamento numa salada ou em qualquer prato de carne ou peixe. O azeite dos cogumelos pode ser utilizado para obter um toque mais saboroso num refogado ou para estrelar ovos, por exemplo.<\/p>\n","protected":false},"excerpt":{"rendered":"<p>Cogumelos Shiitake prontos a comer, com a combina\u00e7\u00e3o de sabores intensos dos cogumelos e do azeite aromatizado.<\/p>\n<p>Estes cogumelos s\u00e3o ideais para criar entradas simples e deliciosas. Podem ser acompanhados de um queijo suave ou servidos simplesmente com tostas.<\/p>\n","protected":false},"featured_media":708,"comment_status":"open","ping_status":"closed","template":"","meta":[],"product_brand":[],"product_cat":[25],"product_tag":[],"class_list":{"0":"post-1943","1":"product","2":"type-product","3":"status-publish","4":"has-post-thumbnail","6":"product_cat-sem-categoria","8":"first","9":"instock","10":"taxable","11":"shipping-taxable","12":"purchasable","13":"product-type-simple"},"_links":{"self":[{"href":"https:\/\/casadochascada.com\/fr\/wp-json\/wp\/v2\/product\/1943","targetHints":{"allow":["GET"]}}],"collection":[{"href":"https:\/\/casadochascada.com\/fr\/wp-json\/wp\/v2\/product"}],"about":[{"href":"https:\/\/casadochascada.com\/fr\/wp-json\/wp\/v2\/types\/product"}],"replies":[{"embeddable":true,"href":"https:\/\/casadochascada.com\/fr\/wp-json\/wp\/v2\/comments?post=1943"}],"wp:featuredmedia":[{"embeddable":true,"href":"https:\/\/casadochascada.com\/fr\/wp-json\/wp\/v2\/media\/708"}],"wp:attachment":[{"href":"https:\/\/casadochascada.com\/fr\/wp-json\/wp\/v2\/media?parent=1943"}],"wp:term":[{"taxonomy":"product_brand","embeddable":true,"href":"https:\/\/casadochascada.com\/fr\/wp-json\/wp\/v2\/product_brand?post=1943"},{"taxonomy":"product_cat","embeddable":true,"href":"https:\/\/casadochascada.com\/fr\/wp-json\/wp\/v2\/product_cat?post=1943"},{"taxonomy":"product_tag","embeddable":true,"href":"https:\/\/casadochascada.com\/fr\/wp-json\/wp\/v2\/product_tag?post=1943"}],"curies":[{"name":"wp","href":"https:\/\/api.w.org\/{rel}","templated":true}]}}