{"id":875,"date":"2018-06-28T16:37:57","date_gmt":"2018-06-28T16:37:57","guid":{"rendered":"https:\/\/casadochascada.com\/recettes\/"},"modified":"2018-08-10T15:08:54","modified_gmt":"2018-08-10T15:08:54","slug":"recettes","status":"publish","type":"page","link":"https:\/\/casadochascada.com\/fr\/recettes\/","title":{"rendered":"Recettes"},"content":{"rendered":"\t\t<div data-elementor-type=\"wp-post\" data-elementor-id=\"875\" class=\"elementor elementor-875 elementor-84 elementor-bc-flex-widget\" data-elementor-post-type=\"page\">\n\t\t\t\t\t\t<section class=\"elementor-section elementor-top-section elementor-element elementor-element-sj44nvp elementor-section-boxed elementor-section-height-default elementor-section-height-default\" data-id=\"sj44nvp\" data-element_type=\"section\">\n\t\t\t\t\t\t<div class=\"elementor-container elementor-column-gap-default\">\n\t\t\t\t\t<div class=\"elementor-column elementor-col-100 elementor-top-column elementor-element elementor-element-pmax0hv\" data-id=\"pmax0hv\" data-element_type=\"column\">\n\t\t\t<div class=\"elementor-widget-wrap elementor-element-populated\">\n\t\t\t\t\t\t<div class=\"elementor-element elementor-element-s3l2ct7 elementor-widget elementor-widget-heading\" data-id=\"s3l2ct7\" data-element_type=\"widget\" data-widget_type=\"heading.default\">\n\t\t\t\t<div class=\"elementor-widget-container\">\n\t\t\t\t\t<h1 class=\"elementor-heading-title elementor-size-default\">Recettes<\/h1>\t\t\t\t<\/div>\n\t\t\t\t<\/div>\n\t\t\t\t<div class=\"elementor-element elementor-element-2e9rs88 elementor-widget elementor-widget-text-editor\" data-id=\"2e9rs88\" data-element_type=\"widget\" data-widget_type=\"text-editor.default\">\n\t\t\t\t<div class=\"elementor-widget-container\">\n\t\t\t\t\t\t\t\t\t<p>Les champignons shiitake de la Casa do Chascada sont le compl\u00e9ment parfait pour vos recettes.<br \/>\nSa texture charnue et son gout caract\u00e9ristique ont d\u00e9j\u00e0 conquis les Portugais.<\/p>\n<p>Vous voulez essayer ? La casa do Chascada vous sugg\u00e8re quelques recettes faciles et saines qui vont vous mettre l\u00b4eau a la bouche.<\/p>\n\t\t\t\t\t\t\t\t<\/div>\n\t\t\t\t<\/div>\n\t\t\t\t\t<\/div>\n\t\t<\/div>\n\t\t\t\t\t<\/div>\n\t\t<\/section>\n\t\t\t\t<section class=\"elementor-section elementor-top-section elementor-element elementor-element-xhwot60 elementor-section-stretched elementor-section-full_width elementor-section-height-default elementor-section-height-default\" data-id=\"xhwot60\" data-element_type=\"section\" data-settings=\"{&quot;stretch_section&quot;:&quot;section-stretched&quot;}\">\n\t\t\t\t\t\t<div class=\"elementor-container elementor-column-gap-default\">\n\t\t\t\t\t<div class=\"elementor-column elementor-col-100 elementor-top-column elementor-element elementor-element-8shedzi\" data-id=\"8shedzi\" data-element_type=\"column\">\n\t\t\t<div class=\"elementor-widget-wrap elementor-element-populated\">\n\t\t\t\t\t\t<div class=\"elementor-element elementor-element-vx2w2iy elementor-grid-2 elementor-posts--align-center elementor-grid-tablet-2 elementor-grid-mobile-1 elementor-posts--thumbnail-top elementor-widget elementor-widget-posts\" data-id=\"vx2w2iy\" data-element_type=\"widget\" data-settings=\"{&quot;classic_columns&quot;:&quot;2&quot;,&quot;pagination_type&quot;:&quot;prev_next&quot;,&quot;classic_columns_tablet&quot;:&quot;2&quot;,&quot;classic_columns_mobile&quot;:&quot;1&quot;,&quot;classic_row_gap&quot;:{&quot;unit&quot;:&quot;px&quot;,&quot;size&quot;:35,&quot;sizes&quot;:[]},&quot;classic_row_gap_tablet&quot;:{&quot;unit&quot;:&quot;px&quot;,&quot;size&quot;:&quot;&quot;,&quot;sizes&quot;:[]},&quot;classic_row_gap_mobile&quot;:{&quot;unit&quot;:&quot;px&quot;,&quot;size&quot;:&quot;&quot;,&quot;sizes&quot;:[]}}\" data-widget_type=\"posts.classic\">\n\t\t\t\t<div class=\"elementor-widget-container\">\n\t\t\t\t\t\t\t<div class=\"elementor-posts-container elementor-posts elementor-posts--skin-classic elementor-grid\">\n\t\t\t\t<article class=\"elementor-post elementor-grid-item post-1586 receita type-receita status-publish hentry\">\n\t\t\t\t<div class=\"elementor-post__text\">\n\t\t\t\t<h2 class=\"elementor-post__title\">\n\t\t\t<a href=\"https:\/\/casadochascada.com\/fr\/receita\/beignets-de-champignons-shiitake\/\" >\n\t\t\t\tBeignets de champignons Shiitake\t\t\t<\/a>\n\t\t<\/h2>\n\t\t\t\t<\/div>\n\t\t\t\t<\/article>\n\t\t\t\t<article class=\"elementor-post elementor-grid-item post-1563 receita type-receita status-publish hentry\">\n\t\t\t\t<div class=\"elementor-post__text\">\n\t\t\t\t<h2 class=\"elementor-post__title\">\n\t\t\t<a href=\"https:\/\/casadochascada.com\/fr\/receita\/champignons-shiitake-facon-bras\/\" >\n\t\t\t\tChampignons Shiitake fa\u00e7on Br\u00e1s\t\t\t<\/a>\n\t\t<\/h2>\n\t\t\t\t<\/div>\n\t\t\t\t<\/article>\n\t\t\t\t<article class=\"elementor-post elementor-grid-item post-937 receita type-receita status-publish has-post-thumbnail hentry\">\n\t\t\t\t<a class=\"elementor-post__thumbnail__link\" href=\"https:\/\/casadochascada.com\/fr\/receita\/salade-de-cresson-aux-champignons-shiitake-et-oeuf-poche\/\" tabindex=\"-1\" >\n\t\t\t<div class=\"elementor-post__thumbnail\"><img fetchpriority=\"high\" decoding=\"async\" width=\"768\" height=\"512\" src=\"https:\/\/casadochascada.com\/wp-content\/uploads\/2017\/08\/Razoes-para-consumir-cogumelos-shiitake-3-768x512.jpg\" class=\"attachment-medium_large size-medium_large wp-image-1880\" alt=\"\" srcset=\"https:\/\/casadochascada.com\/wp-content\/uploads\/2017\/08\/Razoes-para-consumir-cogumelos-shiitake-3-768x512.jpg 768w, https:\/\/casadochascada.com\/wp-content\/uploads\/2017\/08\/Razoes-para-consumir-cogumelos-shiitake-3-300x200.jpg 300w, https:\/\/casadochascada.com\/wp-content\/uploads\/2017\/08\/Razoes-para-consumir-cogumelos-shiitake-3-1024x682.jpg 1024w, https:\/\/casadochascada.com\/wp-content\/uploads\/2017\/08\/Razoes-para-consumir-cogumelos-shiitake-3.jpg 1280w\" sizes=\"(max-width: 768px) 100vw, 768px\" \/><\/div>\n\t\t<\/a>\n\t\t\t\t<div class=\"elementor-post__text\">\n\t\t\t\t<h2 class=\"elementor-post__title\">\n\t\t\t<a href=\"https:\/\/casadochascada.com\/fr\/receita\/salade-de-cresson-aux-champignons-shiitake-et-oeuf-poche\/\" >\n\t\t\t\tSalade de cresson aux champignons shiitake et \u0153uf poch\u00e9\t\t\t<\/a>\n\t\t<\/h2>\n\t\t\t\t<\/div>\n\t\t\t\t<\/article>\n\t\t\t\t<article class=\"elementor-post elementor-grid-item post-923 receita type-receita status-publish has-post-thumbnail hentry\">\n\t\t\t\t<a class=\"elementor-post__thumbnail__link\" href=\"https:\/\/casadochascada.com\/fr\/receita\/wrap-de-crevettes-et-champignons-shiitake\/\" tabindex=\"-1\" >\n\t\t\t<div class=\"elementor-post__thumbnail\"><img decoding=\"async\" width=\"768\" height=\"511\" src=\"https:\/\/casadochascada.com\/wp-content\/uploads\/2017\/09\/Wrapp-de-Camar\u00e3o-e-Cogumelos-Shitake-768x511.jpg\" class=\"attachment-medium_large size-medium_large wp-image-1879\" alt=\"\" srcset=\"https:\/\/casadochascada.com\/wp-content\/uploads\/2017\/09\/Wrapp-de-Camar\u00e3o-e-Cogumelos-Shitake-768x511.jpg 768w, https:\/\/casadochascada.com\/wp-content\/uploads\/2017\/09\/Wrapp-de-Camar\u00e3o-e-Cogumelos-Shitake-300x200.jpg 300w, https:\/\/casadochascada.com\/wp-content\/uploads\/2017\/09\/Wrapp-de-Camar\u00e3o-e-Cogumelos-Shitake-1024x682.jpg 1024w, https:\/\/casadochascada.com\/wp-content\/uploads\/2017\/09\/Wrapp-de-Camar\u00e3o-e-Cogumelos-Shitake.jpg 1281w\" sizes=\"(max-width: 768px) 100vw, 768px\" \/><\/div>\n\t\t<\/a>\n\t\t\t\t<div class=\"elementor-post__text\">\n\t\t\t\t<h2 class=\"elementor-post__title\">\n\t\t\t<a href=\"https:\/\/casadochascada.com\/fr\/receita\/wrap-de-crevettes-et-champignons-shiitake\/\" >\n\t\t\t\tWrap de crevettes et champignons Shiitake\t\t\t<\/a>\n\t\t<\/h2>\n\t\t\t\t<\/div>\n\t\t\t\t<\/article>\n\t\t\t\t<article class=\"elementor-post elementor-grid-item post-903 receita type-receita status-publish hentry\">\n\t\t\t\t<div class=\"elementor-post__text\">\n\t\t\t\t<h2 class=\"elementor-post__title\">\n\t\t\t<a href=\"https:\/\/casadochascada.com\/fr\/receita\/omelette-aux-champignons-shiitake\/\" >\n\t\t\t\tOmelette aux champignons Shiitake\t\t\t<\/a>\n\t\t<\/h2>\n\t\t\t\t<\/div>\n\t\t\t\t<\/article>\n\t\t\t\t<article class=\"elementor-post elementor-grid-item post-878 receita type-receita status-publish has-post-thumbnail hentry\">\n\t\t\t\t<a class=\"elementor-post__thumbnail__link\" href=\"https:\/\/casadochascada.com\/fr\/receita\/champignons-shiitake-avec-de-la-puree-de-patate-douce\/\" tabindex=\"-1\" >\n\t\t\t<div class=\"elementor-post__thumbnail\"><img decoding=\"async\" width=\"768\" height=\"1151\" src=\"https:\/\/casadochascada.com\/wp-content\/uploads\/2017\/12\/Cogumelos-Shiitake-com-pure-de-batata-doce-casa-do-chascada-768x1151.jpg\" class=\"attachment-medium_large size-medium_large wp-image-1877\" alt=\"\" srcset=\"https:\/\/casadochascada.com\/wp-content\/uploads\/2017\/12\/Cogumelos-Shiitake-com-pure-de-batata-doce-casa-do-chascada-768x1151.jpg 768w, https:\/\/casadochascada.com\/wp-content\/uploads\/2017\/12\/Cogumelos-Shiitake-com-pure-de-batata-doce-casa-do-chascada-200x300.jpg 200w, https:\/\/casadochascada.com\/wp-content\/uploads\/2017\/12\/Cogumelos-Shiitake-com-pure-de-batata-doce-casa-do-chascada-684x1024.jpg 684w, https:\/\/casadochascada.com\/wp-content\/uploads\/2017\/12\/Cogumelos-Shiitake-com-pure-de-batata-doce-casa-do-chascada.jpg 1068w\" sizes=\"(max-width: 768px) 100vw, 768px\" \/><\/div>\n\t\t<\/a>\n\t\t\t\t<div class=\"elementor-post__text\">\n\t\t\t\t<h2 class=\"elementor-post__title\">\n\t\t\t<a href=\"https:\/\/casadochascada.com\/fr\/receita\/champignons-shiitake-avec-de-la-puree-de-patate-douce\/\" >\n\t\t\t\tChampignons Shiitake avec de la pur\u00e9e de Patate douce\t\t\t<\/a>\n\t\t<\/h2>\n\t\t\t\t<\/div>\n\t\t\t\t<\/article>\n\t\t\t\t<\/div>\n\t\t\n\t\t\t\t\t\t<\/div>\n\t\t\t\t<\/div>\n\t\t\t\t\t<\/div>\n\t\t<\/div>\n\t\t\t\t\t<\/div>\n\t\t<\/section>\n\t\t\t\t<\/div>\n\t\t","protected":false},"excerpt":{"rendered":"<p>Recettes Les champignons shiitake de la Casa do Chascada sont le compl\u00e9ment parfait pour vos recettes. Sa texture charnue et son gout caract\u00e9ristique ont d\u00e9j\u00e0<\/p>\n","protected":false},"author":1,"featured_media":0,"parent":0,"menu_order":0,"comment_status":"closed","ping_status":"closed","template":"","meta":{"footnotes":""},"class_list":["post-875","page","type-page","status-publish","hentry"],"_links":{"self":[{"href":"https:\/\/casadochascada.com\/fr\/wp-json\/wp\/v2\/pages\/875","targetHints":{"allow":["GET"]}}],"collection":[{"href":"https:\/\/casadochascada.com\/fr\/wp-json\/wp\/v2\/pages"}],"about":[{"href":"https:\/\/casadochascada.com\/fr\/wp-json\/wp\/v2\/types\/page"}],"author":[{"embeddable":true,"href":"https:\/\/casadochascada.com\/fr\/wp-json\/wp\/v2\/users\/1"}],"replies":[{"embeddable":true,"href":"https:\/\/casadochascada.com\/fr\/wp-json\/wp\/v2\/comments?post=875"}],"version-history":[{"count":6,"href":"https:\/\/casadochascada.com\/fr\/wp-json\/wp\/v2\/pages\/875\/revisions"}],"predecessor-version":[{"id":1634,"href":"https:\/\/casadochascada.com\/fr\/wp-json\/wp\/v2\/pages\/875\/revisions\/1634"}],"wp:attachment":[{"href":"https:\/\/casadochascada.com\/fr\/wp-json\/wp\/v2\/media?parent=875"}],"curies":[{"name":"wp","href":"https:\/\/api.w.org\/{rel}","templated":true}]}}