{"id":1049,"date":"2018-06-29T14:34:21","date_gmt":"2018-06-29T14:34:21","guid":{"rendered":"https:\/\/casadochascada.com\/termes-et-conditions\/"},"modified":"2018-08-10T15:13:14","modified_gmt":"2018-08-10T15:13:14","slug":"termes-et-conditions","status":"publish","type":"page","link":"https:\/\/casadochascada.com\/fr\/termes-et-conditions\/","title":{"rendered":"Termes et Conditions"},"content":{"rendered":"\t\t<div data-elementor-type=\"wp-post\" data-elementor-id=\"1049\" class=\"elementor elementor-1049 elementor-499 elementor-bc-flex-widget\" data-elementor-post-type=\"page\">\n\t\t\t\t\t\t<section class=\"elementor-section elementor-top-section elementor-element elementor-element-mh80m7t elementor-section-boxed elementor-section-height-default elementor-section-height-default\" data-id=\"mh80m7t\" data-element_type=\"section\">\n\t\t\t\t\t\t<div class=\"elementor-container elementor-column-gap-default\">\n\t\t\t\t\t<div class=\"elementor-column elementor-col-25 elementor-top-column elementor-element elementor-element-jq29112\" data-id=\"jq29112\" data-element_type=\"column\">\n\t\t\t<div class=\"elementor-widget-wrap\">\n\t\t\t\t\t\t\t<\/div>\n\t\t<\/div>\n\t\t\t\t<div class=\"elementor-column elementor-col-50 elementor-top-column elementor-element elementor-element-3dbruhz\" data-id=\"3dbruhz\" data-element_type=\"column\">\n\t\t\t<div class=\"elementor-widget-wrap elementor-element-populated\">\n\t\t\t\t\t\t<div class=\"elementor-element elementor-element-02lf7pf elementor-widget elementor-widget-heading\" data-id=\"02lf7pf\" data-element_type=\"widget\" data-widget_type=\"heading.default\">\n\t\t\t\t<div class=\"elementor-widget-container\">\n\t\t\t\t\t<h1 class=\"elementor-heading-title elementor-size-default\">Termes et Conditions<\/h1>\t\t\t\t<\/div>\n\t\t\t\t<\/div>\n\t\t\t\t\t<\/div>\n\t\t<\/div>\n\t\t\t\t<div class=\"elementor-column elementor-col-25 elementor-top-column elementor-element elementor-element-81uaw6n\" data-id=\"81uaw6n\" data-element_type=\"column\">\n\t\t\t<div class=\"elementor-widget-wrap\">\n\t\t\t\t\t\t\t<\/div>\n\t\t<\/div>\n\t\t\t\t\t<\/div>\n\t\t<\/section>\n\t\t\t\t<section class=\"elementor-section elementor-top-section elementor-element elementor-element-iqqgo1s elementor-section-boxed elementor-section-height-default elementor-section-height-default\" data-id=\"iqqgo1s\" data-element_type=\"section\">\n\t\t\t\t\t\t<div class=\"elementor-container elementor-column-gap-default\">\n\t\t\t\t\t<div class=\"elementor-column elementor-col-16 elementor-top-column elementor-element elementor-element-o6eia9g\" data-id=\"o6eia9g\" data-element_type=\"column\">\n\t\t\t<div class=\"elementor-widget-wrap\">\n\t\t\t\t\t\t\t<\/div>\n\t\t<\/div>\n\t\t\t\t<div class=\"elementor-column elementor-col-66 elementor-top-column elementor-element elementor-element-i51lqhs\" data-id=\"i51lqhs\" data-element_type=\"column\">\n\t\t\t<div class=\"elementor-widget-wrap elementor-element-populated\">\n\t\t\t\t\t\t<div class=\"elementor-element elementor-element-np6bhfs elementor-widget elementor-widget-text-editor\" data-id=\"np6bhfs\" data-element_type=\"widget\" data-widget_type=\"text-editor.default\">\n\t\t\t\t<div class=\"elementor-widget-container\">\n\t\t\t\t\t\t\t\t\t<p>Ces Termes et Conditions \u00e9tablissent les r\u00e8gles qui d\u00e9terminent l&rsquo;utilisation de ce site Web &#8211; <a href=\"https:\/\/casadochascada.com\/\">www.casadochascada.pt<\/a> &#8211; et l&rsquo;achat de produits dans ce site.<\/p>\n<p>Il est important que vous lisiez les points suivants avant de passer votre commande.<\/p>\n<p>En utilisant le site internet de Casa do Chascada ou en passant une commande par ce biais, vous acceptez de vous conformer et de respecter les termes et conditions suivants.<\/p>\n<p>Casa do Chascada a le droit de modifier ces Termes et Conditions chaque fois qu&rsquo;elle le juge n\u00e9cessaire ou pertinent.<\/p>\n\t\t\t\t\t\t\t\t<\/div>\n\t\t\t\t<\/div>\n\t\t\t\t<div class=\"elementor-element elementor-element-sxn9t64 elementor-widget elementor-widget-heading\" data-id=\"sxn9t64\" data-element_type=\"widget\" data-widget_type=\"heading.default\">\n\t\t\t\t<div class=\"elementor-widget-container\">\n\t\t\t\t\t<h2 class=\"elementor-heading-title elementor-size-default\">Utilisation du service<\/h2>\t\t\t\t<\/div>\n\t\t\t\t<\/div>\n\t\t\t\t<div class=\"elementor-element elementor-element-uk9733a elementor-widget elementor-widget-text-editor\" data-id=\"uk9733a\" data-element_type=\"widget\" data-widget_type=\"text-editor.default\">\n\t\t\t\t<div class=\"elementor-widget-container\">\n\t\t\t\t\t\t\t\t\t<ol>\n<li style=\"text-align: left;\">L&rsquo;utilisateur s&rsquo;engage \u00e0 utiliser notre service en conformit\u00e9 avec les lois et r\u00e8glements en vigueur, tels que les termes et conditions suivantes;<\/li>\n<li style=\"text-align: left;\">Vous ne pouvez modifier le contenu du service ou envoyer des messages avec des virus ou d&rsquo;autres fichiers qui peuvent causer des dommages sur le site de la Casa do Chascada;<\/li>\n<li style=\"text-align: left;\">Les utilisateurs de la boutique en ligne Casa do Chascada sont consid\u00e9r\u00e9s comme des consommateurs finaux, par cons\u00e9quent, tous les produits sont aux prix TTC;<\/li>\n<\/ol>\n\t\t\t\t\t\t\t\t<\/div>\n\t\t\t\t<\/div>\n\t\t\t\t<div class=\"elementor-element elementor-element-xt332cm elementor-widget elementor-widget-heading\" data-id=\"xt332cm\" data-element_type=\"widget\" data-widget_type=\"heading.default\">\n\t\t\t\t<div class=\"elementor-widget-container\">\n\t\t\t\t\t<h2 class=\"elementor-heading-title elementor-size-default\">Produits dans la boutique en ligne<\/h2>\t\t\t\t<\/div>\n\t\t\t\t<\/div>\n\t\t\t\t<div class=\"elementor-element elementor-element-9o5b2zb elementor-widget elementor-widget-text-editor\" data-id=\"9o5b2zb\" data-element_type=\"widget\" data-widget_type=\"text-editor.default\">\n\t\t\t\t<div class=\"elementor-widget-container\">\n\t\t\t\t\t\t\t\t\t<ol>\n<li>Les produits pr\u00e9sent\u00e9s dans la boutique en ligne Casa do Chascada peuvent \u00eatre achet\u00e9s par les clients, dans les conditions suivantes;<\/li>\n<\/ol>\n\t\t\t\t\t\t\t\t<\/div>\n\t\t\t\t<\/div>\n\t\t\t\t<div class=\"elementor-element elementor-element-lv82zqd elementor-widget elementor-widget-heading\" data-id=\"lv82zqd\" data-element_type=\"widget\" data-widget_type=\"heading.default\">\n\t\t\t\t<div class=\"elementor-widget-container\">\n\t\t\t\t\t<h2 class=\"elementor-heading-title elementor-size-default\">Prix<\/h2>\t\t\t\t<\/div>\n\t\t\t\t<\/div>\n\t\t\t\t<div class=\"elementor-element elementor-element-mn4j7xv elementor-widget elementor-widget-text-editor\" data-id=\"mn4j7xv\" data-element_type=\"widget\" data-widget_type=\"text-editor.default\">\n\t\t\t\t<div class=\"elementor-widget-container\">\n\t\t\t\t\t\t\t\t\t<ol>\n<li>Les prix affich\u00e9s incluent la TVA au taux l\u00e9gal en vigueur au moment de l&rsquo;achat du produit par l\u2019utilisateur;<\/li>\n<li>Casa do Chascada se r\u00e9serve le droit de modifier les prix des produits pr\u00e9sent\u00e9s;<\/li>\n<li>Le prix des produits et la valeur de la TVA en vigueur sont d\u00fbment pr\u00e9sent\u00e9s et d\u00e9taill\u00e9s dans la facture remise au client;<\/li>\n<\/ol>\n\t\t\t\t\t\t\t\t<\/div>\n\t\t\t\t<\/div>\n\t\t\t\t<div class=\"elementor-element elementor-element-pxj0w5b elementor-widget elementor-widget-heading\" data-id=\"pxj0w5b\" data-element_type=\"widget\" data-widget_type=\"heading.default\">\n\t\t\t\t<div class=\"elementor-widget-container\">\n\t\t\t\t\t<h2 class=\"elementor-heading-title elementor-size-default\">Frais d'exp\u00e9dition<\/h2>\t\t\t\t<\/div>\n\t\t\t\t<\/div>\n\t\t\t\t<div class=\"elementor-element elementor-element-88wpmhk elementor-widget elementor-widget-text-editor\" data-id=\"88wpmhk\" data-element_type=\"widget\" data-widget_type=\"text-editor.default\">\n\t\t\t\t<div class=\"elementor-widget-container\">\n\t\t\t\t\t\t\t\t\t<ol>\n<li>Les frais de port pour les commandes pour le territoire portugais &#8211; \u00eeles comprises &#8211; sont inclus dans le prix du produit;<\/li>\n<li>Les commandes en dehors du Portugal sont soumises \u00e0 une valeur de frais de transport suppl\u00e9mentaires;<\/li>\n<li>Dans les envois vers des pays en dehors de l&rsquo;Union europ\u00e9enne, l&rsquo;utilisateur peut \u00eatre soumis au paiement des frais de douane ou autres impositions faites par les autorit\u00e9s locales.<\/li>\n<\/ol>\n\t\t\t\t\t\t\t\t<\/div>\n\t\t\t\t<\/div>\n\t\t\t\t<div class=\"elementor-element elementor-element-n6q9dpm elementor-widget elementor-widget-heading\" data-id=\"n6q9dpm\" data-element_type=\"widget\" data-widget_type=\"heading.default\">\n\t\t\t\t<div class=\"elementor-widget-container\">\n\t\t\t\t\t<h2 class=\"elementor-heading-title elementor-size-default\">Commande<\/h2>\t\t\t\t<\/div>\n\t\t\t\t<\/div>\n\t\t\t\t<div class=\"elementor-element elementor-element-e7k4nkp elementor-widget elementor-widget-text-editor\" data-id=\"e7k4nkp\" data-element_type=\"widget\" data-widget_type=\"text-editor.default\">\n\t\t\t\t<div class=\"elementor-widget-container\">\n\t\t\t\t\t\t\t\t\t<ol>\n<li>La commande d&rsquo;un produit est faite apr\u00e8s son placement dans le panier d\u2019achat;<\/li>\n<\/ol>\n\t\t\t\t\t\t\t\t<\/div>\n\t\t\t\t<\/div>\n\t\t\t\t<div class=\"elementor-element elementor-element-8wz0hc0 elementor-widget elementor-widget-heading\" data-id=\"8wz0hc0\" data-element_type=\"widget\" data-widget_type=\"heading.default\">\n\t\t\t\t<div class=\"elementor-widget-container\">\n\t\t\t\t\t<h2 class=\"elementor-heading-title elementor-size-default\">M\u00e9thodes de paiement<\/h2>\t\t\t\t<\/div>\n\t\t\t\t<\/div>\n\t\t\t\t<div class=\"elementor-element elementor-element-uzjtv6h elementor-widget elementor-widget-text-editor\" data-id=\"uzjtv6h\" data-element_type=\"widget\" data-widget_type=\"text-editor.default\">\n\t\t\t\t<div class=\"elementor-widget-container\">\n\t\t\t\t\t\t\t\t\t<ol>\n<li>Les produits command\u00e9s dans la boutique en ligne de Casa do Chascada doivent \u00eatre pay\u00e9s par les diff\u00e9rents moyens de paiement \u00e9lectroniques disponibles;<\/li>\n<li>Les co\u00fbts de la commande sont enti\u00e8rement \u00e0 la charge du client;<\/li>\n<\/ol>\n\t\t\t\t\t\t\t\t<\/div>\n\t\t\t\t<\/div>\n\t\t\t\t<div class=\"elementor-element elementor-element-lwm21wi elementor-widget elementor-widget-heading\" data-id=\"lwm21wi\" data-element_type=\"widget\" data-widget_type=\"heading.default\">\n\t\t\t\t<div class=\"elementor-widget-container\">\n\t\t\t\t\t<h2 class=\"elementor-heading-title elementor-size-default\">D\u00e9lai de livraison<\/h2>\t\t\t\t<\/div>\n\t\t\t\t<\/div>\n\t\t\t\t<div class=\"elementor-element elementor-element-rqv4aop elementor-widget elementor-widget-text-editor\" data-id=\"rqv4aop\" data-element_type=\"widget\" data-widget_type=\"text-editor.default\">\n\t\t\t\t<div class=\"elementor-widget-container\">\n\t\t\t\t\t\t\t\t\t<ol>\n<li>La commande ne sera trait\u00e9e qu&rsquo;apr\u00e8s confirmation du paiement;<\/li>\n<li>La date de livraison est soumise \u00e0 la disponibilit\u00e9 du produit;<\/li>\n<li>Le d\u00e9lai de livraison peut aller jusqu&rsquo;\u00e0 quatre jours ouvrables, selon la zone du pays en question;<\/li>\n<li>En cas de rupture de stock, Casa do Chascada s&rsquo;engage \u00e0 informer le client;<\/li>\n<\/ol>\n\t\t\t\t\t\t\t\t<\/div>\n\t\t\t\t<\/div>\n\t\t\t\t<div class=\"elementor-element elementor-element-9op7zd8 elementor-widget elementor-widget-heading\" data-id=\"9op7zd8\" data-element_type=\"widget\" data-widget_type=\"heading.default\">\n\t\t\t\t<div class=\"elementor-widget-container\">\n\t\t\t\t\t<h2 class=\"elementor-heading-title elementor-size-default\">Politique de confidentialit\u00e9 et de s\u00e9curit\u00e9<\/h2>\t\t\t\t<\/div>\n\t\t\t\t<\/div>\n\t\t\t\t<div class=\"elementor-element elementor-element-dvbor68 elementor-widget elementor-widget-text-editor\" data-id=\"dvbor68\" data-element_type=\"widget\" data-widget_type=\"text-editor.default\">\n\t\t\t\t<div class=\"elementor-widget-container\">\n\t\t\t\t\t\t\t\t\t<ol>\n<li>Casa do Chascada recueille les donn\u00e9es personnelles de l&rsquo;utilisateur pour la gestion du compte des clients, la facturation et la fourniture d\u2019informations;<\/li>\n<li>Casa do Chascada s&rsquo;engage \u00e0 respecter la vie priv\u00e9e et la s\u00e9curit\u00e9 dans le traitement et la maintenance des donn\u00e9es personnelles de chaque client;<\/li>\n<li>Lors d&rsquo;un achat en ligne, l&rsquo;utilisateur accepte que ses donn\u00e9es soient collect\u00e9es pour recevoir plus tard des informations sur Casa do Chascada;<\/li>\n<\/ol>\n\t\t\t\t\t\t\t\t<\/div>\n\t\t\t\t<\/div>\n\t\t\t\t<div class=\"elementor-element elementor-element-5i4fygh elementor-widget elementor-widget-heading\" data-id=\"5i4fygh\" data-element_type=\"widget\" data-widget_type=\"heading.default\">\n\t\t\t\t<div class=\"elementor-widget-container\">\n\t\t\t\t\t<h2 class=\"elementor-heading-title elementor-size-default\">R\u00e9clamations<\/h2>\t\t\t\t<\/div>\n\t\t\t\t<\/div>\n\t\t\t\t<div class=\"elementor-element elementor-element-ajx0rw6 elementor-widget elementor-widget-text-editor\" data-id=\"ajx0rw6\" data-element_type=\"widget\" data-widget_type=\"text-editor.default\">\n\t\t\t\t<div class=\"elementor-widget-container\">\n\t\t\t\t\t\t\t\t\t<ol>\n<li style=\"font-weight: 400;\"><span style=\"font-weight: 400;\">La Casa do Chascada poss\u00e8de une livre de r\u00e9clamations au sein de ses installations ;<\/span><\/li>\n<li>2.\tEn cas de litige, le consommateur peut avoir recours \u00e0 l&rsquo;Entit\u00e9 de R\u00e9solution Alternative de Litiges de consommation.<\/li>\n<\/ol>\n\t\t\t\t\t\t\t\t<\/div>\n\t\t\t\t<\/div>\n\t\t\t\t<div class=\"elementor-element elementor-element-5b83f2e elementor-widget elementor-widget-heading\" data-id=\"5b83f2e\" data-element_type=\"widget\" data-widget_type=\"heading.default\">\n\t\t\t\t<div class=\"elementor-widget-container\">\n\t\t\t\t\t<h2 class=\"elementor-heading-title elementor-size-default\">Informations physiques<\/h2>\t\t\t\t<\/div>\n\t\t\t\t<\/div>\n\t\t\t\t<div class=\"elementor-element elementor-element-bfb562c elementor-widget elementor-widget-text-editor\" data-id=\"bfb562c\" data-element_type=\"widget\" data-widget_type=\"text-editor.default\">\n\t\t\t\t<div class=\"elementor-widget-container\">\n\t\t\t\t\t\t\t\t\t<p style=\"padding-left: 30px;\">Ana Maria Moreira<\/p>\n<p style=\"padding-left: 30px;\">NIF: 201634805<\/p>\n\t\t\t\t\t\t\t\t<\/div>\n\t\t\t\t<\/div>\n\t\t\t\t\t<\/div>\n\t\t<\/div>\n\t\t\t\t<div class=\"elementor-column elementor-col-16 elementor-top-column elementor-element elementor-element-02os7ad\" data-id=\"02os7ad\" data-element_type=\"column\">\n\t\t\t<div class=\"elementor-widget-wrap\">\n\t\t\t\t\t\t\t<\/div>\n\t\t<\/div>\n\t\t\t\t\t<\/div>\n\t\t<\/section>\n\t\t\t\t<\/div>\n\t\t","protected":false},"excerpt":{"rendered":"<p>Termes et Conditions Ces Termes et Conditions \u00e9tablissent les r\u00e8gles qui d\u00e9terminent l&rsquo;utilisation de ce site Web &#8211; www.casadochascada.pt &#8211; et l&rsquo;achat de produits dans ce site. Il est important que vous lisiez les points suivants avant de passer votre commande. En utilisant le site internet de Casa do Chascada ou en passant une commande [&hellip;]<\/p>\n","protected":false},"author":3,"featured_media":0,"parent":0,"menu_order":0,"comment_status":"closed","ping_status":"closed","template":"","meta":{"footnotes":""},"class_list":["post-1049","page","type-page","status-publish","hentry"],"_links":{"self":[{"href":"https:\/\/casadochascada.com\/fr\/wp-json\/wp\/v2\/pages\/1049","targetHints":{"allow":["GET"]}}],"collection":[{"href":"https:\/\/casadochascada.com\/fr\/wp-json\/wp\/v2\/pages"}],"about":[{"href":"https:\/\/casadochascada.com\/fr\/wp-json\/wp\/v2\/types\/page"}],"author":[{"embeddable":true,"href":"https:\/\/casadochascada.com\/fr\/wp-json\/wp\/v2\/users\/3"}],"replies":[{"embeddable":true,"href":"https:\/\/casadochascada.com\/fr\/wp-json\/wp\/v2\/comments?post=1049"}],"version-history":[{"count":25,"href":"https:\/\/casadochascada.com\/fr\/wp-json\/wp\/v2\/pages\/1049\/revisions"}],"predecessor-version":[{"id":1639,"href":"https:\/\/casadochascada.com\/fr\/wp-json\/wp\/v2\/pages\/1049\/revisions\/1639"}],"wp:attachment":[{"href":"https:\/\/casadochascada.com\/fr\/wp-json\/wp\/v2\/media?parent=1049"}],"curies":[{"name":"wp","href":"https:\/\/api.w.org\/{rel}","templated":true}]}}