{"id":1017,"date":"2018-06-29T13:39:18","date_gmt":"2018-06-29T13:39:18","guid":{"rendered":"https:\/\/casadochascada.com\/contacts\/"},"modified":"2018-08-10T15:05:23","modified_gmt":"2018-08-10T15:05:23","slug":"contacts","status":"publish","type":"page","link":"https:\/\/casadochascada.com\/fr\/contacts\/","title":{"rendered":"Contacts"},"content":{"rendered":"\t\t<div data-elementor-type=\"wp-post\" data-elementor-id=\"1017\" class=\"elementor elementor-1017 elementor-86 elementor-bc-flex-widget\" data-elementor-post-type=\"page\">\n\t\t\t\t\t\t<section class=\"elementor-section elementor-top-section elementor-element elementor-element-4ip1cpm elementor-section-stretched elementor-section-boxed elementor-section-height-default elementor-section-height-default\" data-id=\"4ip1cpm\" data-element_type=\"section\" data-settings=\"{&quot;stretch_section&quot;:&quot;section-stretched&quot;,&quot;background_background&quot;:&quot;classic&quot;}\">\n\t\t\t\t\t\t<div class=\"elementor-container elementor-column-gap-default\">\n\t\t\t\t\t<div class=\"elementor-column elementor-col-100 elementor-top-column elementor-element elementor-element-uv8kmfi\" data-id=\"uv8kmfi\" data-element_type=\"column\">\n\t\t\t<div class=\"elementor-widget-wrap elementor-element-populated\">\n\t\t\t\t\t\t<section class=\"elementor-section elementor-inner-section elementor-element elementor-element-13mzbng elementor-section-boxed elementor-section-height-default elementor-section-height-default\" data-id=\"13mzbng\" data-element_type=\"section\">\n\t\t\t\t\t\t<div class=\"elementor-container elementor-column-gap-default\">\n\t\t\t\t\t<div class=\"elementor-column elementor-col-50 elementor-inner-column elementor-element elementor-element-70n14qe\" data-id=\"70n14qe\" data-element_type=\"column\">\n\t\t\t<div class=\"elementor-widget-wrap elementor-element-populated\">\n\t\t\t\t\t\t<div class=\"elementor-element elementor-element-0xiacmy elementor-widget elementor-widget-heading\" data-id=\"0xiacmy\" data-element_type=\"widget\" data-widget_type=\"heading.default\">\n\t\t\t\t<div class=\"elementor-widget-container\">\n\t\t\t\t\t<h1 class=\"elementor-heading-title elementor-size-default\">Contacts<\/h1>\t\t\t\t<\/div>\n\t\t\t\t<\/div>\n\t\t\t\t<div class=\"elementor-element elementor-element-sfp7r8u elementor-widget elementor-widget-text-editor\" data-id=\"sfp7r8u\" data-element_type=\"widget\" data-widget_type=\"text-editor.default\">\n\t\t\t\t<div class=\"elementor-widget-container\">\n\t\t\t\t\t\t\t\t\t<p>Rua Costa Padr\u00e3o, n\u00ba 290<\/p>\n<p>4485-908 Mosteir\u00f3 | Vila do Conde, Portugal<\/p>\n<p><a style=\"color: #402a36;\" href=\"tel:00351963266298\">+351 963 266 298<\/a><\/p>\n<p><a style=\"color: #402a36;\" href=\"mailto:info@casadochascada.com\">info@casadochascada.com<\/a><\/p>\n\t\t\t\t\t\t\t\t<\/div>\n\t\t\t\t<\/div>\n\t\t\t\t\t<\/div>\n\t\t<\/div>\n\t\t\t\t<div class=\"elementor-column elementor-col-50 elementor-inner-column elementor-element elementor-element-1y4g1j9\" data-id=\"1y4g1j9\" data-element_type=\"column\">\n\t\t\t<div class=\"elementor-widget-wrap\">\n\t\t\t\t\t\t\t<\/div>\n\t\t<\/div>\n\t\t\t\t\t<\/div>\n\t\t<\/section>\n\t\t\t\t<div class=\"elementor-element elementor-element-2fll2o5 elementor-widget elementor-widget-heading\" data-id=\"2fll2o5\" data-element_type=\"widget\" data-widget_type=\"heading.default\">\n\t\t\t\t<div class=\"elementor-widget-container\">\n\t\t\t\t\t<h2 class=\"elementor-heading-title elementor-size-default\">Entrez en contact<\/h2>\t\t\t\t<\/div>\n\t\t\t\t<\/div>\n\t\t\t\t<section class=\"elementor-section elementor-inner-section elementor-element elementor-element-ps82gqj elementor-section-boxed elementor-section-height-default elementor-section-height-default\" data-id=\"ps82gqj\" data-element_type=\"section\">\n\t\t\t\t\t\t<div class=\"elementor-container elementor-column-gap-default\">\n\t\t\t\t\t<div class=\"elementor-column elementor-col-16 elementor-inner-column elementor-element elementor-element-xnpcw2x\" data-id=\"xnpcw2x\" data-element_type=\"column\">\n\t\t\t<div class=\"elementor-widget-wrap\">\n\t\t\t\t\t\t\t<\/div>\n\t\t<\/div>\n\t\t\t\t<div class=\"elementor-column elementor-col-66 elementor-inner-column elementor-element elementor-element-vub6qs1\" data-id=\"vub6qs1\" data-element_type=\"column\">\n\t\t\t<div class=\"elementor-widget-wrap elementor-element-populated\">\n\t\t\t\t\t\t<div class=\"elementor-element elementor-element-5eb1d07 elementor-widget elementor-widget-text-editor\" data-id=\"5eb1d07\" data-element_type=\"widget\" data-widget_type=\"text-editor.default\">\n\t\t\t\t<div class=\"elementor-widget-container\">\n\t\t\t\t\t\t\t\t\t<p style=\"text-align: center;\">Casa do Chascada est \u00e0 votre disposition pour r\u00e9pondre \u00e0 vos questions sur nos champignons Shiitake! Envoyez-nous vos doutes, questions et m\u00eame suggestions!<\/p>\n\t\t\t\t\t\t\t\t<\/div>\n\t\t\t\t<\/div>\n\t\t\t\t<div class=\"elementor-element elementor-element-w6fx2p4 elementor-button-align-end elementor-widget elementor-widget-form\" data-id=\"w6fx2p4\" data-element_type=\"widget\" data-settings=\"{&quot;button_width&quot;:&quot;100&quot;,&quot;step_next_label&quot;:&quot;Suivant&quot;,&quot;step_previous_label&quot;:&quot;Pr\\u00e9c\\u00e9dent&quot;,&quot;step_type&quot;:&quot;number_text&quot;,&quot;step_icon_shape&quot;:&quot;circle&quot;}\" data-widget_type=\"form.default\">\n\t\t\t\t<div class=\"elementor-widget-container\">\n\t\t\t\t\t\t\t<form class=\"elementor-form\" method=\"post\" name=\"New Form\">\n\t\t\t<input type=\"hidden\" name=\"post_id\" value=\"1017\"\/>\n\t\t\t<input type=\"hidden\" name=\"form_id\" value=\"w6fx2p4\"\/>\n\t\t\t<input type=\"hidden\" name=\"referer_title\" value=\"Casa do Chascada\" \/>\n\n\t\t\t\n\t\t\t<div class=\"elementor-form-fields-wrapper elementor-labels-above\">\n\t\t\t\t\t\t\t\t<div class=\"elementor-field-type-text elementor-field-group elementor-column elementor-field-group-name elementor-col-100\">\n\t\t\t\t\t\t\t\t\t\t\t\t\t<input size=\"1\" type=\"text\" name=\"form_fields[name]\" id=\"form-field-name\" class=\"elementor-field elementor-size-sm  elementor-field-textual\" placeholder=\"Nom\">\n\t\t\t\t\t\t\t\t\t\t\t<\/div>\n\t\t\t\t\t\t\t\t<div class=\"elementor-field-type-tel elementor-field-group elementor-column elementor-field-group-field_1 elementor-col-50\">\n\t\t\t\t\t\t\t<input size=\"1\" type=\"tel\" name=\"form_fields[field_1]\" id=\"form-field-field_1\" class=\"elementor-field elementor-size-sm  elementor-field-textual\" placeholder=\"T\u00e9l\u00e9phone portable\" pattern=\"[0-9()#&amp;+*-=.]+\" title=\"Seuls les caract\u00e8res de num\u00e9ros de t\u00e9l\u00e9phone (#, -, *, etc.) sont accept\u00e9s.\">\n\n\t\t\t\t\t\t<\/div>\n\t\t\t\t\t\t\t\t<div class=\"elementor-field-type-email elementor-field-group elementor-column elementor-field-group-email elementor-col-50 elementor-field-required\">\n\t\t\t\t\t\t\t\t\t\t\t\t\t<input size=\"1\" type=\"email\" name=\"form_fields[email]\" id=\"form-field-email\" class=\"elementor-field elementor-size-sm  elementor-field-textual\" placeholder=\"Adresse \u00e9lectronique\" required=\"required\">\n\t\t\t\t\t\t\t\t\t\t\t<\/div>\n\t\t\t\t\t\t\t\t<div class=\"elementor-field-type-textarea elementor-field-group elementor-column elementor-field-group-message elementor-col-100\">\n\t\t\t\t\t<textarea class=\"elementor-field-textual elementor-field  elementor-size-sm\" name=\"form_fields[message]\" id=\"form-field-message\" rows=\"4\" placeholder=\"Motif\"><\/textarea>\t\t\t\t<\/div>\n\t\t\t\t\t\t\t\t<div class=\"elementor-field-group elementor-column elementor-field-type-submit elementor-col-100 e-form__buttons\">\n\t\t\t\t\t<button class=\"elementor-button elementor-size-sm\" type=\"submit\">\n\t\t\t\t\t\t<span class=\"elementor-button-content-wrapper\">\n\t\t\t\t\t\t\t\t\t\t\t\t\t\t\t\t\t\t\t\t\t\t<span class=\"elementor-button-text\">\u00c9viter<\/span>\n\t\t\t\t\t\t\t\t\t\t\t\t\t<\/span>\n\t\t\t\t\t<\/button>\n\t\t\t\t<\/div>\n\t\t\t<\/div>\n\t\t<\/form>\n\t\t\t\t\t\t<\/div>\n\t\t\t\t<\/div>\n\t\t\t\t\t<\/div>\n\t\t<\/div>\n\t\t\t\t<div class=\"elementor-column elementor-col-16 elementor-inner-column elementor-element elementor-element-dirf4nz\" data-id=\"dirf4nz\" data-element_type=\"column\">\n\t\t\t<div class=\"elementor-widget-wrap\">\n\t\t\t\t\t\t\t<\/div>\n\t\t<\/div>\n\t\t\t\t\t<\/div>\n\t\t<\/section>\n\t\t\t\t\t<\/div>\n\t\t<\/div>\n\t\t\t\t\t<\/div>\n\t\t<\/section>\n\t\t\t\t<section class=\"elementor-section elementor-top-section elementor-element elementor-element-koaiarl elementor-section-stretched elementor-section-full_width elementor-section-height-default elementor-section-height-default\" data-id=\"koaiarl\" data-element_type=\"section\" data-settings=\"{&quot;stretch_section&quot;:&quot;section-stretched&quot;}\">\n\t\t\t\t\t\t<div class=\"elementor-container elementor-column-gap-default\">\n\t\t\t\t\t<div class=\"elementor-column elementor-col-100 elementor-top-column elementor-element elementor-element-wum0pmq\" data-id=\"wum0pmq\" data-element_type=\"column\">\n\t\t\t<div class=\"elementor-widget-wrap elementor-element-populated\">\n\t\t\t\t\t\t<div class=\"elementor-element elementor-element-1sqqf04 elementor-widget elementor-widget-wp-widget-wpgmp_google_map_widget_class\" data-id=\"1sqqf04\" data-element_type=\"widget\" data-widget_type=\"wp-widget-wpgmp_google_map_widget_class.default\">\n\t\t\t\t<div class=\"elementor-widget-container\">\n\t\t\t\t\t.gm-style-iw { line-height: inherit !important;}<div class=\"wpgmp_map_container wpgmp-map-1\" data-plugin-version=\"4.6.9\"><div class=\"wpgmp_map_parent\"><div class=\"wpgmp_map \" style=\"width:100%;height:500px\" id=\"map1\" data-map-id=\"1\"><\/div><\/div><\/div>jQuery(document).ready(function($){ window.wpgmp = window.wpgmp || {}; window.wpgmp.mapdata1 = \"eyJtYXBfb3B0aW9ucyI6eyJjZW50ZXJfbGF0IjoiNDEuMjc5Mjg1MyIsImNlbnRlcl9sbmciOiItOC42NTQ5Mzk5MDAwMDAwNDUiLCJ6b29tIjoxMiwibWFwX3R5cGVfaWQiOiJST0FETUFQIiwiZml0X2JvdW5kcyI6ZmFsc2UsImRyYWdnYWJsZSI6dHJ1ZSwic2Nyb2xsX3doZWVsIjp0cnVlLCJkaXNwbGF5XzQ1X2ltYWdlcnkiOiIiLCJtYXJrZXJfZGVmYXVsdF9pY29uIjoiaHR0cHM6XC9cL2Nhc2Fkb2NoYXNjYWRhLmNvbVwvd3AtY29udGVudFwvcGx1Z2luc1wvd3AtZ29vZ2xlLW1hcC1wbHVnaW5cL2Fzc2V0c1wvaW1hZ2VzXC9kZWZhdWx0X21hcmtlci5wbmciLCJpbmZvd2luZG93X3NldHRpbmciOiIiLCJpbmZvd2luZG93X2JvdW5jZV9hbmltYXRpb24iOiIiLCJpbmZvd2luZG93X2Ryb3BfYW5pbWF0aW9uIjpmYWxzZSwiY2xvc2VfaW5mb3dpbmRvd19vbl9tYXBfY2xpY2siOmZhbHNlLCJpbmZvd2luZG93X3NraW4iOiIiLCJkZWZhdWx0X2luZm93aW5kb3dfb3BlbiI6ZmFsc2UsImluZm93aW5kb3dfb3Blbl9ldmVudCI6ImNsaWNrIiwiZnVsbF9zY3JlZW5fY29udHJvbCI6dHJ1ZSwic2VhcmNoX2NvbnRyb2wiOnRydWUsInpvb21fY29udHJvbCI6dHJ1ZSwibWFwX3R5cGVfY29udHJvbCI6dHJ1ZSwic3RyZWV0X3ZpZXdfY29udHJvbCI6dHJ1ZSwiZnVsbF9zY3JlZW5fY29udHJvbF9wb3NpdGlvbiI6IlRPUF9SSUdIVCIsInNlYXJjaF9jb250cm9sX3Bvc2l0aW9uIjoiVE9QX0xFRlQiLCJ6b29tX2NvbnRyb2xfcG9zaXRpb24iOm51bGwsIm1hcF90eXBlX2NvbnRyb2xfcG9zaXRpb24iOm51bGwsIm1hcF90eXBlX2NvbnRyb2xfc3R5bGUiOm51bGwsInN0cmVldF92aWV3X2NvbnRyb2xfcG9zaXRpb24iOm51bGwsIm1hcF9jb250cm9sIjp0cnVlLCJtYXBfY29udHJvbF9zZXR0aW5ncyI6ZmFsc2UsIm1hcF96b29tX2FmdGVyX3NlYXJjaCI6Niwid2lkdGgiOiIiLCJoZWlnaHQiOiI1MDAifSwicGxhY2VzIjpbeyJpZCI6IjEiLCJ0aXRsZSI6IkNhc2EgZG8gQ2hhc2NhZGEiLCJhZGRyZXNzIjoiUnVhIENvc3RhIFBhZHJcdTAwZTNvIDI5MCwgVmlsYSBkbyBDb25kZSwgUG9ydHVnYWwiLCJzb3VyY2UiOiJtYW51YWwiLCJjb250ZW50IjoiPGRpdiBzdHlsZT1cImNvbG9yOiM0MDJBMzZcIj5cclxuPHA+PGI+Q2FzYSBkbyBDaGFzY2FkYTxcL2I+PFwvcD48cD48c3BhbiBjbGFzcz1cImdseXBoaWNvbiBnbHlwaGljb24tbWFwLW1hcmtlclwiIGFyaWEtaGlkZGVuPVwidHJ1ZVwiIHN0eWxlPVwiY29sb3I6Izk2NjU0Q1wiPjxcL3NwYW4+UnVhIENvc3RhIFBhZHJcdTAwZTNvLCBuXHUwMGJhIDI5MDxicj5cclxuNDQ4NS05MDggTW9zdHJlaXJcdTAwZjM8YnI+VmlsYSBkbyBDb25kZTxicj5Qb3J0dWdhbDxcL3A+XHJcblxyXG48cD48c3BhbiBjbGFzcz1cImdseXBoaWNvbiBnbHlwaGljb24tZWFycGhvbmVcIiBhcmlhLWhpZGRlbj1cInRydWVcIiBzdHlsZT1cImNvbG9yOiM5NjY1NENcIj48XC9zcGFuPiA8YSBocmVmPVwiMDAzNTE5NjMyNjYyOThcIj4rMzUxIDk2MyAyNjYgMjk4PFwvYT48XC9wPlxyXG5cclxuPHA+PHNwYW4gY2xhc3M9XCJnbHlwaGljb24gZ2x5cGhpY29uLWVudmVsb3BlXCIgYXJpYS1oaWRkZW49XCJ0cnVlXCIgc3R5bGU9XCJjb2xvcjojOTY2NTRDXCI+PFwvc3Bhbj4gPGEgaHJlZj1cIm1haWx0bzppbmZvQGNhc2Fkb2NoYXNjYWRhLmNvbVwiPmluZm9AY2FzYWRvY2hhc2NhZGEuY29tPFwvYT48XC9wPjxcL2Rpdj4iLCJsb2NhdGlvbiI6eyJpY29uIjoiaHR0cHM6XC9cL2Nhc2Fkb2NoYXNjYWRhLmNvbVwvd3AtY29udGVudFwvdXBsb2Fkc1wvMjAxN1wvMDlcL2NoYXNjYWRhX21hcF9tYXJrZXIucG5nIiwibGF0IjoiNDEuMjc5Mjg1MyIsImxuZyI6Ii04LjY1NDkzOTkwMDAwMDA0NSIsImNpdHkiOiJNb3N0ZWlyXHUwMGYzIiwic3RhdGUiOiJQb3J0byIsImNvdW50cnkiOiJQb3J0dWdhbCIsIm9uY2xpY2tfYWN0aW9uIjoibWFya2VyIiwicmVkaXJlY3RfY3VzdG9tX2xpbmsiOiIiLCJtYXJrZXJfaW1hZ2UiOiIiLCJvcGVuX25ld190YWIiOiJ5ZXMiLCJwb3N0YWxfY29kZSI6IjQ0ODUtOTA4IiwiZHJhZ2dhYmxlIjpmYWxzZSwiaW5mb3dpbmRvd19kZWZhdWx0X29wZW4iOmZhbHNlLCJhbmltYXRpb24iOiJCT1VOQ0UiLCJpbmZvd2luZG93X2Rpc2FibGUiOnRydWUsInpvb20iOjUsImV4dHJhX2ZpZWxkcyI6IiJ9LCJjYXRlZ29yaWVzIjpbeyJpZCI6IjEiLCJuYW1lIjoiU2hvcCIsInR5cGUiOiJjYXRlZ29yeSIsImV4dGVuc2lvbl9maWVsZHMiOltdLCJpY29uIjoiaHR0cHM6XC9cL2Nhc2Fkb2NoYXNjYWRhLmNvbVwvd3AtY29udGVudFwvdXBsb2Fkc1wvMjAxN1wvMDlcL2NoYXNjYWRhX21hcF9tYXJrZXIucG5nIn1dLCJjdXN0b21fZmlsdGVycyI6IiJ9XSwic3R5bGVzIjoiIiwibGlzdGluZyI6IiIsIm1hcmtlcl9jbHVzdGVyIjoiIiwibWFwX3Byb3BlcnR5Ijp7Im1hcF9pZCI6IjEiLCJkZWJ1Z19tb2RlIjpmYWxzZX19\"; });\t\t\t\t<\/div>\n\t\t\t\t<\/div>\n\t\t\t\t\t<\/div>\n\t\t<\/div>\n\t\t\t\t\t<\/div>\n\t\t<\/section>\n\t\t\t\t<\/div>\n\t\t","protected":false},"excerpt":{"rendered":"<p>Contacts Rua Costa Padr\u00e3o, n\u00ba 290 4485-908 Mosteir\u00f3 | Vila do Conde, Portugal +351 963 266 298 info@casadochascada.com Entrez en contact Casa do Chascada est \u00e0 votre disposition pour r\u00e9pondre \u00e0 vos questions sur nos champignons Shiitake! Envoyez-nous vos doutes, questions et m\u00eame suggestions!<\/p>\n","protected":false},"author":1,"featured_media":0,"parent":0,"menu_order":0,"comment_status":"closed","ping_status":"closed","template":"","meta":{"footnotes":""},"class_list":["post-1017","page","type-page","status-publish","hentry"],"_links":{"self":[{"href":"https:\/\/casadochascada.com\/fr\/wp-json\/wp\/v2\/pages\/1017","targetHints":{"allow":["GET"]}}],"collection":[{"href":"https:\/\/casadochascada.com\/fr\/wp-json\/wp\/v2\/pages"}],"about":[{"href":"https:\/\/casadochascada.com\/fr\/wp-json\/wp\/v2\/types\/page"}],"author":[{"embeddable":true,"href":"https:\/\/casadochascada.com\/fr\/wp-json\/wp\/v2\/users\/1"}],"replies":[{"embeddable":true,"href":"https:\/\/casadochascada.com\/fr\/wp-json\/wp\/v2\/comments?post=1017"}],"version-history":[{"count":5,"href":"https:\/\/casadochascada.com\/fr\/wp-json\/wp\/v2\/pages\/1017\/revisions"}],"predecessor-version":[{"id":1631,"href":"https:\/\/casadochascada.com\/fr\/wp-json\/wp\/v2\/pages\/1017\/revisions\/1631"}],"wp:attachment":[{"href":"https:\/\/casadochascada.com\/fr\/wp-json\/wp\/v2\/media?parent=1017"}],"curies":[{"name":"wp","href":"https:\/\/api.w.org\/{rel}","templated":true}]}}