{"id":1015,"date":"2018-06-29T11:37:20","date_gmt":"2018-06-29T11:37:20","guid":{"rendered":"https:\/\/casadochascada.com\/blog\/"},"modified":"2018-08-10T15:01:05","modified_gmt":"2018-08-10T15:01:05","slug":"blog","status":"publish","type":"page","link":"https:\/\/casadochascada.com\/fr\/blog\/","title":{"rendered":"Blog"},"content":{"rendered":"\t\t<div data-elementor-type=\"wp-post\" data-elementor-id=\"1015\" class=\"elementor elementor-1015 elementor-171 elementor-bc-flex-widget\" data-elementor-post-type=\"page\">\n\t\t\t\t\t\t<section class=\"elementor-section elementor-top-section elementor-element elementor-element-j4jn6sx elementor-section-boxed elementor-section-height-default elementor-section-height-default\" data-id=\"j4jn6sx\" data-element_type=\"section\">\n\t\t\t\t\t\t<div class=\"elementor-container elementor-column-gap-wider\">\n\t\t\t\t\t<div class=\"elementor-column elementor-col-66 elementor-top-column elementor-element elementor-element-f2imjew\" data-id=\"f2imjew\" data-element_type=\"column\">\n\t\t\t<div class=\"elementor-widget-wrap elementor-element-populated\">\n\t\t\t\t\t\t<div class=\"elementor-element elementor-element-agzkfql elementor-grid-1 elementor-grid-tablet-2 elementor-grid-mobile-1 elementor-posts--thumbnail-top elementor-widget elementor-widget-posts\" data-id=\"agzkfql\" data-element_type=\"widget\" id=\"blog-list\" data-settings=\"{&quot;classic_columns&quot;:&quot;1&quot;,&quot;pagination_type&quot;:&quot;numbers&quot;,&quot;classic_columns_tablet&quot;:&quot;2&quot;,&quot;classic_columns_mobile&quot;:&quot;1&quot;,&quot;classic_row_gap&quot;:{&quot;unit&quot;:&quot;px&quot;,&quot;size&quot;:35,&quot;sizes&quot;:[]},&quot;classic_row_gap_tablet&quot;:{&quot;unit&quot;:&quot;px&quot;,&quot;size&quot;:&quot;&quot;,&quot;sizes&quot;:[]},&quot;classic_row_gap_mobile&quot;:{&quot;unit&quot;:&quot;px&quot;,&quot;size&quot;:&quot;&quot;,&quot;sizes&quot;:[]}}\" data-widget_type=\"posts.classic\">\n\t\t\t\t<div class=\"elementor-widget-container\">\n\t\t\t\t\t\t\t<div class=\"elementor-posts-container elementor-posts elementor-posts--skin-classic elementor-grid\">\n\t\t\t\t<article class=\"elementor-post elementor-grid-item post-997 post type-post status-publish format-standard has-post-thumbnail hentry category-champignons-shiitake tag-benefices\">\n\t\t\t\t<a class=\"elementor-post__thumbnail__link\" href=\"https:\/\/casadochascada.com\/fr\/les-benefices-des-champignons-shiitake\/\" tabindex=\"-1\" >\n\t\t\t<div class=\"elementor-post__thumbnail\"><img fetchpriority=\"high\" decoding=\"async\" width=\"768\" height=\"512\" src=\"https:\/\/casadochascada.com\/wp-content\/uploads\/2017\/08\/casa-do-chascada-cogumelos-shiitake-biologicos-768x512.jpg\" class=\"attachment-medium_large size-medium_large wp-image-186\" alt=\"Casa do Chascada - Cogumelos Shiitake biol\u00f3gicos Vila do Conde Porto Matosinhos Maia\" srcset=\"https:\/\/casadochascada.com\/wp-content\/uploads\/2017\/08\/casa-do-chascada-cogumelos-shiitake-biologicos-768x512.jpg 768w, https:\/\/casadochascada.com\/wp-content\/uploads\/2017\/08\/casa-do-chascada-cogumelos-shiitake-biologicos-300x200.jpg 300w, https:\/\/casadochascada.com\/wp-content\/uploads\/2017\/08\/casa-do-chascada-cogumelos-shiitake-biologicos-1024x682.jpg 1024w, https:\/\/casadochascada.com\/wp-content\/uploads\/2017\/08\/casa-do-chascada-cogumelos-shiitake-biologicos.jpg 1280w\" sizes=\"(max-width: 768px) 100vw, 768px\" \/><\/div>\n\t\t<\/a>\n\t\t\t\t<div class=\"elementor-post__text\">\n\t\t\t\t<h2 class=\"elementor-post__title\">\n\t\t\t<a href=\"https:\/\/casadochascada.com\/fr\/les-benefices-des-champignons-shiitake\/\" >\n\t\t\t\tLes b\u00e9n\u00e9fices des champignons Shiitake\t\t\t<\/a>\n\t\t<\/h2>\n\t\t\t\t<div class=\"elementor-post__meta-data\">\n\t\t\t\t\t<span class=\"elementor-post-date\">\n\t\t\t29 juin, 2018\t\t<\/span>\n\t\t\t\t<\/div>\n\t\t\t\t<div class=\"elementor-post__excerpt\">\n\t\t\t<p>Les champignons Shiitake ont d\u00e9j\u00e0 gagn\u00e9 leur place \u00e0 la table de nombreux Portugais. Cette nourriture a acquis une importante croissante dans la cuisine occidentale, gr\u00e2ce aux nombreux b\u00e9n\u00e9fices qui y sont associ\u00e9s. Ces champignons, \u00e9galement connus sous le nom de Lentinula Edodes, font partie<\/p>\n\t\t<\/div>\n\t\t\t\t<\/div>\n\t\t\t\t<\/article>\n\t\t\t\t<article class=\"elementor-post elementor-grid-item post-979 post type-post status-publish format-standard has-post-thumbnail hentry category-champignons-shiitake category-recette tag-casa-do-chascada\">\n\t\t\t\t<a class=\"elementor-post__thumbnail__link\" href=\"https:\/\/casadochascada.com\/fr\/5-formes-de-manger-les-champignons-shiitake-da-la-casa-do-chascada\/\" tabindex=\"-1\" >\n\t\t\t<div class=\"elementor-post__thumbnail\"><img decoding=\"async\" width=\"768\" height=\"384\" src=\"https:\/\/casadochascada.com\/wp-content\/uploads\/2017\/09\/3-Frascos-768x384.jpg\" class=\"attachment-medium_large size-medium_large wp-image-1888\" alt=\"\" srcset=\"https:\/\/casadochascada.com\/wp-content\/uploads\/2017\/09\/3-Frascos-768x384.jpg 768w, https:\/\/casadochascada.com\/wp-content\/uploads\/2017\/09\/3-Frascos-300x150.jpg 300w, https:\/\/casadochascada.com\/wp-content\/uploads\/2017\/09\/3-Frascos-1024x512.jpg 1024w\" sizes=\"(max-width: 768px) 100vw, 768px\" \/><\/div>\n\t\t<\/a>\n\t\t\t\t<div class=\"elementor-post__text\">\n\t\t\t\t<h2 class=\"elementor-post__title\">\n\t\t\t<a href=\"https:\/\/casadochascada.com\/fr\/5-formes-de-manger-les-champignons-shiitake-da-la-casa-do-chascada\/\" >\n\t\t\t\t5 Formes de manger les champignons Shiitake da la Casa do Chascada\t\t\t<\/a>\n\t\t<\/h2>\n\t\t\t\t<div class=\"elementor-post__meta-data\">\n\t\t\t\t\t<span class=\"elementor-post-date\">\n\t\t\t29 juin, 2018\t\t<\/span>\n\t\t\t\t<\/div>\n\t\t\t\t<div class=\"elementor-post__excerpt\">\n\t\t\t<p>Bien entendu frais, la casa da Chascada produits aussi des champignons Shiitake confit dans l\u00b4huile d\u00b4olive et condiments. Chaque flacon contient 200 grammes d\u00b4une saveur \u00e9l\u00e9gante et requint\u00e9. En ce moment, la Casa do Chascada disponibilise trois saveurs\u00a0: \u00e0 l\u00b4huile d\u00b4olives et condiments, aux ognons<\/p>\n\t\t<\/div>\n\t\t\t\t<\/div>\n\t\t\t\t<\/article>\n\t\t\t\t<article class=\"elementor-post elementor-grid-item post-969 post type-post status-publish format-standard has-post-thumbnail hentry category-recette tag-recette\">\n\t\t\t\t<a class=\"elementor-post__thumbnail__link\" href=\"https:\/\/casadochascada.com\/fr\/recette-pates-sambal-aux-crevettes-et-aux-champignons-shiitake\/\" tabindex=\"-1\" >\n\t\t\t<div class=\"elementor-post__thumbnail\"><img decoding=\"async\" width=\"768\" height=\"459\" src=\"https:\/\/casadochascada.com\/wp-content\/uploads\/2017\/09\/Casa-do-Chascada-Massa-Sambal-com-Gambas-e-Cogumelos-Shiitake-768x459.jpg\" class=\"attachment-medium_large size-medium_large wp-image-248\" alt=\"Massa Sambal com Gambas e Cogumelos Shiitake\" srcset=\"https:\/\/casadochascada.com\/wp-content\/uploads\/2017\/09\/Casa-do-Chascada-Massa-Sambal-com-Gambas-e-Cogumelos-Shiitake-768x459.jpg 768w, https:\/\/casadochascada.com\/wp-content\/uploads\/2017\/09\/Casa-do-Chascada-Massa-Sambal-com-Gambas-e-Cogumelos-Shiitake-300x179.jpg 300w, https:\/\/casadochascada.com\/wp-content\/uploads\/2017\/09\/Casa-do-Chascada-Massa-Sambal-com-Gambas-e-Cogumelos-Shiitake-1024x611.jpg 1024w, https:\/\/casadochascada.com\/wp-content\/uploads\/2017\/09\/Casa-do-Chascada-Massa-Sambal-com-Gambas-e-Cogumelos-Shiitake.jpg 1241w\" sizes=\"(max-width: 768px) 100vw, 768px\" \/><\/div>\n\t\t<\/a>\n\t\t\t\t<div class=\"elementor-post__text\">\n\t\t\t\t<h2 class=\"elementor-post__title\">\n\t\t\t<a href=\"https:\/\/casadochascada.com\/fr\/recette-pates-sambal-aux-crevettes-et-aux-champignons-shiitake\/\" >\n\t\t\t\tRecette: P\u00e2tes Sambal aux crevettes et aux champignons shiitake\t\t\t<\/a>\n\t\t<\/h2>\n\t\t\t\t<div class=\"elementor-post__meta-data\">\n\t\t\t\t\t<span class=\"elementor-post-date\">\n\t\t\t29 juin, 2018\t\t<\/span>\n\t\t\t\t<\/div>\n\t\t\t\t<div class=\"elementor-post__excerpt\">\n\t\t\t<p>Les champignons Shiitake sont l\u00b4aliment parfait pour cr\u00e9er des d\u00e9licieux plats! Dans cette recette, les champignons de la Casa do Chascada vont \u00eatre accompagner de p\u00e2tes et crevettes. Un plat simple, qui ne prend que 35 minutes \u00e0 pr\u00e9parer, et qui va impressionner vos La<\/p>\n\t\t<\/div>\n\t\t\t\t<\/div>\n\t\t\t\t<\/article>\n\t\t\t\t<\/div>\n\t\t\n\t\t\t\t\t\t<\/div>\n\t\t\t\t<\/div>\n\t\t\t\t\t<\/div>\n\t\t<\/div>\n\t\t\t\t<div class=\"elementor-column elementor-col-33 elementor-top-column elementor-element elementor-element-tbgdh7v\" data-id=\"tbgdh7v\" data-element_type=\"column\">\n\t\t\t<div class=\"elementor-widget-wrap elementor-element-populated\">\n\t\t\t\t\t\t<div class=\"elementor-element elementor-element-out2ktf elementor-widget elementor-widget-sidebar\" data-id=\"out2ktf\" data-element_type=\"widget\" data-widget_type=\"sidebar.default\">\n\t\t\t\t<div class=\"elementor-widget-container\">\n\t\t\t\t\t\n\t\t<div class=\"widget\">\n\t\t<h2 class=\"widget-title\">Articles r\u00e9cents<\/h2>\n\t\t<ul>\n\t\t\t\t\t\t\t\t\t\t\t<li>\n\t\t\t\t\t<a href=\"https:\/\/casadochascada.com\/fr\/les-benefices-des-champignons-shiitake\/\">Les b\u00e9n\u00e9fices des champignons Shiitake<\/a>\n\t\t\t\t\t\t\t\t\t<\/li>\n\t\t\t\t\t\t\t\t\t\t\t<li>\n\t\t\t\t\t<a href=\"https:\/\/casadochascada.com\/fr\/5-formes-de-manger-les-champignons-shiitake-da-la-casa-do-chascada\/\">5 Formes de manger les champignons Shiitake da la Casa do Chascada<\/a>\n\t\t\t\t\t\t\t\t\t<\/li>\n\t\t\t\t\t\t\t\t\t\t\t<li>\n\t\t\t\t\t<a href=\"https:\/\/casadochascada.com\/fr\/recette-pates-sambal-aux-crevettes-et-aux-champignons-shiitake\/\">Recette: P\u00e2tes Sambal aux crevettes et aux champignons shiitake<\/a>\n\t\t\t\t\t\t\t\t\t<\/li>\n\t\t\t\t\t<\/ul>\n\n\t\t<\/div><div class=\"widget\"><h2 class=\"widget-title\">Categories<\/h2>\n\t\t\t<ul>\n\t\t\t\t\t<li class=\"cat-item cat-item-36\"><a href=\"https:\/\/casadochascada.com\/fr\/category\/champignons-shiitake\/\">Champignons Shiitake<\/a>\n<\/li>\n\t<li class=\"cat-item cat-item-34\"><a href=\"https:\/\/casadochascada.com\/fr\/category\/recette\/\">Recette<\/a>\n<\/li>\n\t\t\t<\/ul>\n\n\t\t\t<\/div>\t\t\t\t<\/div>\n\t\t\t\t<\/div>\n\t\t\t\t\t<\/div>\n\t\t<\/div>\n\t\t\t\t\t<\/div>\n\t\t<\/section>\n\t\t\t\t<\/div>\n\t\t","protected":false},"excerpt":{"rendered":"","protected":false},"author":1,"featured_media":0,"parent":0,"menu_order":0,"comment_status":"closed","ping_status":"closed","template":"","meta":{"footnotes":""},"class_list":["post-1015","page","type-page","status-publish","hentry"],"_links":{"self":[{"href":"https:\/\/casadochascada.com\/fr\/wp-json\/wp\/v2\/pages\/1015","targetHints":{"allow":["GET"]}}],"collection":[{"href":"https:\/\/casadochascada.com\/fr\/wp-json\/wp\/v2\/pages"}],"about":[{"href":"https:\/\/casadochascada.com\/fr\/wp-json\/wp\/v2\/types\/page"}],"author":[{"embeddable":true,"href":"https:\/\/casadochascada.com\/fr\/wp-json\/wp\/v2\/users\/1"}],"replies":[{"embeddable":true,"href":"https:\/\/casadochascada.com\/fr\/wp-json\/wp\/v2\/comments?post=1015"}],"version-history":[{"count":1,"href":"https:\/\/casadochascada.com\/fr\/wp-json\/wp\/v2\/pages\/1015\/revisions"}],"predecessor-version":[{"id":1016,"href":"https:\/\/casadochascada.com\/fr\/wp-json\/wp\/v2\/pages\/1015\/revisions\/1016"}],"wp:attachment":[{"href":"https:\/\/casadochascada.com\/fr\/wp-json\/wp\/v2\/media?parent=1015"}],"curies":[{"name":"wp","href":"https:\/\/api.w.org\/{rel}","templated":true}]}}